{"id":21,"date":"2021-03-02T11:58:40","date_gmt":"2021-03-02T14:58:40","guid":{"rendered":"https:\/\/integratic.net.br\/?page_id=21"},"modified":"2021-03-02T14:53:39","modified_gmt":"2021-03-02T17:53:39","slug":"contato","status":"publish","type":"page","link":"https:\/\/integratic.net.br\/","title":{"rendered":"Contato"},"content":{"rendered":"\n<p>Conhe\u00e7a nossas solu\u00e7\u00f5es tecnol\u00f3gicas, solicite a visita de um representante sem compromisso!<\/p>\n\n\n\n<p><\/p>\n\n\n\n<figure class=\"wp-block-image size-large is-resized\"><img loading=\"lazy\" decoding=\"async\" src=\"https:\/\/integratic.net.br\/wp-content\/uploads\/2021\/03\/image.png\" alt=\"\" class=\"wp-image-48\" width=\"126\" height=\"126\" srcset=\"https:\/\/integratic.net.br\/wp-content\/uploads\/2021\/03\/image.png 640w, https:\/\/integratic.net.br\/wp-content\/uploads\/2021\/03\/image-300x300.png 300w, https:\/\/integratic.net.br\/wp-content\/uploads\/2021\/03\/image-150x150.png 150w, https:\/\/integratic.net.br\/wp-content\/uploads\/2021\/03\/image-100x100.png 100w\" sizes=\"auto, (max-width: 126px) 100vw, 126px\" \/><figcaption>Marcos Martins <\/figcaption><\/figure>\n\n\n\n<p><a href=\"mailto:marcos@integratic.net.br\" target=\"_blank\" rel=\"noreferrer noopener\">marcos@integratic.net.br<\/a><br>Fone 85 9 8846-8438<\/p>\n\n\n\n<p><\/p>\n","protected":false},"excerpt":{"rendered":"<p>Conhe\u00e7a nossas solu\u00e7\u00f5es tecnol\u00f3gicas, solicite a visita de um representante sem compromisso! marcos@integratic.net.brFone 85 9 8846-8438<\/p>\n","protected":false},"author":1,"featured_media":0,"parent":0,"menu_order":0,"comment_status":"closed","ping_status":"closed","template":"","meta":{"footnotes":""},"class_list":["post-21","page","type-page","status-publish","hentry"],"_links":{"self":[{"href":"https:\/\/integratic.net.br\/index.php\/wp-json\/wp\/v2\/pages\/21","targetHints":{"allow":["GET"]}}],"collection":[{"href":"https:\/\/integratic.net.br\/index.php\/wp-json\/wp\/v2\/pages"}],"about":[{"href":"https:\/\/integratic.net.br\/index.php\/wp-json\/wp\/v2\/types\/page"}],"author":[{"embeddable":true,"href":"https:\/\/integratic.net.br\/index.php\/wp-json\/wp\/v2\/users\/1"}],"replies":[{"embeddable":true,"href":"https:\/\/integratic.net.br\/index.php\/wp-json\/wp\/v2\/comments?post=21"}],"version-history":[{"count":4,"href":"https:\/\/integratic.net.br\/index.php\/wp-json\/wp\/v2\/pages\/21\/revisions"}],"predecessor-version":[{"id":50,"href":"https:\/\/integratic.net.br\/index.php\/wp-json\/wp\/v2\/pages\/21\/revisions\/50"}],"wp:attachment":[{"href":"https:\/\/integratic.net.br\/index.php\/wp-json\/wp\/v2\/media?parent=21"}],"curies":[{"name":"wp","href":"https:\/\/api.w.org\/{rel}","templated":true}]}}